{"id":76,"date":"2025-03-25T13:39:47","date_gmt":"2025-03-25T13:39:47","guid":{"rendered":"http:\/\/www.vwaircooledrallyseries.fi\/?page_id=76"},"modified":"2025-04-01T09:46:08","modified_gmt":"2025-04-01T09:46:08","slug":"aircooled-sarja","status":"publish","type":"page","link":"https:\/\/www.vwaircooledrallyseries.fi\/?page_id=76","title":{"rendered":"Kisaraportit"},"content":{"rendered":"\n<ul class=\"wp-block-list\">\n<li><a href=\"https:\/\/www.vwaircooledrallyseries.fi\/?page_id=266\" data-type=\"page\" data-id=\"266\">Kausi 2025<\/a><\/li>\n\n\n\n<li><a href=\"https:\/\/www.vwaircooledrallyseries.fi\/?page_id=44\" data-type=\"page\" data-id=\"44\">Kausi 2024<\/a><\/li>\n\n\n\n<li><a href=\"https:\/\/www.vwaircooledrallyseries.fi\/?page_id=42\" data-type=\"page\" data-id=\"42\">Kausi 2023<\/a><\/li>\n\n\n\n<li><a href=\"https:\/\/www.vwaircooledrallyseries.fi\/?page_id=40\" data-type=\"page\" data-id=\"40\">Kausi 2022<\/a><\/li>\n\n\n\n<li><a href=\"https:\/\/www.vwaircooledrallyseries.fi\/?page_id=38\" data-type=\"page\" data-id=\"38\">Kausi 2021<\/a><\/li>\n\n\n\n<li><a href=\"https:\/\/www.vwaircooledrallyseries.fi\/?page_id=36\" data-type=\"page\" data-id=\"36\">Kausi 2020<\/a><\/li>\n\n\n\n<li><a href=\"https:\/\/www.vwaircooledrallyseries.fi\/?page_id=34\" data-type=\"page\" data-id=\"34\">Kausi 2019<\/a><\/li>\n\n\n\n<li><a href=\"https:\/\/www.vwaircooledrallyseries.fi\/?page_id=32\" data-type=\"page\" data-id=\"32\">Kausi 2018<\/a><\/li>\n\n\n\n<li><a href=\"https:\/\/www.vwaircooledrallyseries.fi\/?page_id=30\" data-type=\"page\" data-id=\"30\">Kausi 2017<\/a><\/li>\n\n\n\n<li><a href=\"https:\/\/www.vwaircooledrallyseries.fi\/?page_id=28\" data-type=\"page\" data-id=\"28\">Kausi 2016<\/a><\/li>\n\n\n\n<li><a href=\"https:\/\/www.vwaircooledrallyseries.fi\/?page_id=26\" data-type=\"page\" data-id=\"26\">Kausi 2015<\/a><\/li>\n\n\n\n<li><a href=\"https:\/\/www.vwaircooledrallyseries.fi\/?page_id=23\" data-type=\"page\" data-id=\"23\">Kausi 2014<\/a><\/li>\n\n\n\n<li><a href=\"https:\/\/www.vwaircooledrallyseries.fi\/?page_id=9\" data-type=\"page\" data-id=\"9\">Kausi 2013<\/a><\/li>\n<\/ul>\n\n\n\n<p class=\"has-text-align-center has-medium-font-size\">Vw Aircooled Rally Series on suomalainen rallisarja ilmaj\u00e4\u00e4hdytteisille Volkkareille. Sarjaa on ajettu vuodesta 2011 asti. S\u00e4\u00e4nn\u00f6t ovat pysyneet siit\u00e4 asti samanlaisina pieni\u00e4 tarkennuksia lukuunottamatta. Sarjaan p\u00e4\u00e4see ajamaan Historic tai F-ryhm\u00e4n luokituksen omaavalla autolla.<\/p>\n","protected":false},"excerpt":{"rendered":"<p>Vw Aircooled Rally Series on suomalainen rallisarja ilmaj\u00e4\u00e4hdytteisille Volkkareille. Sarjaa on ajettu vuodesta 2011 asti. S\u00e4\u00e4nn\u00f6t ovat pysyneet siit\u00e4 asti samanlaisina pieni\u00e4 tarkennuksia lukuunottamatta. Sarjaan p\u00e4\u00e4see ajamaan Historic tai F-ryhm\u00e4n luokituksen omaavalla autolla.<\/p>\n","protected":false},"author":1,"featured_media":327,"parent":0,"menu_order":0,"comment_status":"closed","ping_status":"closed","template":"","meta":{"_kad_post_transparent":"","_kad_post_title":"","_kad_post_layout":"","_kad_post_sidebar_id":"","_kad_post_content_style":"","_kad_post_vertical_padding":"","_kad_post_feature":"","_kad_post_feature_position":"","_kad_post_header":false,"_kad_post_footer":false,"_kad_post_classname":"","footnotes":""},"class_list":["post-76","page","type-page","status-publish","has-post-thumbnail","hentry"],"_links":{"self":[{"href":"https:\/\/www.vwaircooledrallyseries.fi\/index.php?rest_route=\/wp\/v2\/pages\/76","targetHints":{"allow":["GET"]}}],"collection":[{"href":"https:\/\/www.vwaircooledrallyseries.fi\/index.php?rest_route=\/wp\/v2\/pages"}],"about":[{"href":"https:\/\/www.vwaircooledrallyseries.fi\/index.php?rest_route=\/wp\/v2\/types\/page"}],"author":[{"embeddable":true,"href":"https:\/\/www.vwaircooledrallyseries.fi\/index.php?rest_route=\/wp\/v2\/users\/1"}],"replies":[{"embeddable":true,"href":"https:\/\/www.vwaircooledrallyseries.fi\/index.php?rest_route=%2Fwp%2Fv2%2Fcomments&post=76"}],"version-history":[{"count":16,"href":"https:\/\/www.vwaircooledrallyseries.fi\/index.php?rest_route=\/wp\/v2\/pages\/76\/revisions"}],"predecessor-version":[{"id":402,"href":"https:\/\/www.vwaircooledrallyseries.fi\/index.php?rest_route=\/wp\/v2\/pages\/76\/revisions\/402"}],"wp:featuredmedia":[{"embeddable":true,"href":"https:\/\/www.vwaircooledrallyseries.fi\/index.php?rest_route=\/wp\/v2\/media\/327"}],"wp:attachment":[{"href":"https:\/\/www.vwaircooledrallyseries.fi\/index.php?rest_route=%2Fwp%2Fv2%2Fmedia&parent=76"}],"curies":[{"name":"wp","href":"https:\/\/api.w.org\/{rel}","templated":true}]}}