{"id":48,"date":"2025-03-25T13:35:13","date_gmt":"2025-03-25T13:35:13","guid":{"rendered":"http:\/\/www.vwaircooledrallyseries.fi\/?page_id=48"},"modified":"2025-03-27T21:38:01","modified_gmt":"2025-03-27T21:38:01","slug":"pisteet-2019","status":"publish","type":"page","link":"https:\/\/www.vwaircooledrallyseries.fi\/?page_id=48","title":{"rendered":"Pisteet 2019"},"content":{"rendered":"\n<p><strong>Aircooled.fi Rallisarjan lopulliset pisteet 2019<\/strong><\/p>\n\n\n\n<p><strong>Kuljettajat<\/strong><\/p>\n\n\n\n<p><strong>1.Eerola Erkki 41<\/strong><\/p>\n\n\n\n<p><strong>2.Aaltonen Kari 40<\/strong><\/p>\n\n\n\n<p><strong>3.Laine Jukka 35<\/strong><\/p>\n\n\n\n<p><strong>4.Niittym\u00e4ki Esa 34<\/strong><\/p>\n\n\n\n<p><strong>5.Hannu Mika 27<\/strong><\/p>\n\n\n\n<p><strong>6.Korpela Matti 14<\/strong><\/p>\n\n\n\n<p><strong>7.Turunen Mikko 14<\/strong><\/p>\n\n\n\n<p><strong>8.Wiik Stefan 13<\/strong><\/p>\n\n\n\n<p><strong>9.Haapalainen Kari 9<\/strong><\/p>\n\n\n\n<p><strong>10.Laaksonen Juhani 8<\/strong><\/p>\n\n\n\n<p><strong>11.Juutilainen Heikki 4<\/strong><\/p>\n\n\n\n<p><strong>12.Liukkonen Juha 3<\/strong><\/p>\n\n\n\n<p><strong>13.Jyr\u00e4nk\u00f6 Juhani 2<\/strong><\/p>\n\n\n\n<p><strong>xx<\/strong><\/p>\n\n\n\n<p><strong>Kartturit lopulliset pisteet<\/strong><\/p>\n\n\n\n<p><strong>1.Kittel\u00e4 Mikko 45<\/strong><\/p>\n\n\n\n<p><strong>2.Sarekivi Mika 42<\/strong><\/p>\n\n\n\n<p><strong>3.Simola Jari 34<\/strong><\/p>\n\n\n\n<p><strong>4.Penkkala Seppo 31<\/strong><\/p>\n\n\n\n<p><strong>5.R\u00e4ty Markus 27<\/strong><\/p>\n\n\n\n<p><strong>6.Oksanen Marko 21<\/strong><\/p>\n\n\n\n<p><strong>7.Martelin Tomi 11<\/strong><\/p>\n\n\n\n<p><strong>7.Kylkilahti Lauri 11<\/strong><\/p>\n\n\n\n<p><strong>9.Nyberg G\u00f6ran 8<\/strong><\/p>\n\n\n\n<p><strong>10.Wiik Stefan 4<\/strong><\/p>\n\n\n\n<p><strong>11.Liukkonen Vesa 3<\/strong><\/p>\n\n\n\n<p><strong>12.Lampila Antti 2<\/strong><\/p>\n\n\n\n<p><strong>13.Soranummi Tapio 0<\/strong><\/p>\n\n\n\n<p><strong>14.Oksanen Markus 0<\/strong><\/p>\n","protected":false},"excerpt":{"rendered":"<p>Aircooled.fi Rallisarjan lopulliset pisteet 2019 Kuljettajat 1.Eerola Erkki 41 2.Aaltonen Kari 40 3.Laine Jukka 35 4.Niittym\u00e4ki Esa 34 5.Hannu Mika 27 6.Korpela Matti 14 7.Turunen Mikko 14 8.Wiik Stefan 13 9.Haapalainen Kari 9 10.Laaksonen Juhani 8 11.Juutilainen Heikki 4 12.Liukkonen Juha 3 13.Jyr\u00e4nk\u00f6 Juhani 2 xx Kartturit lopulliset pisteet 1.Kittel\u00e4 Mikko 45 2.Sarekivi Mika 42&#8230;<\/p>\n","protected":false},"author":1,"featured_media":0,"parent":0,"menu_order":0,"comment_status":"closed","ping_status":"closed","template":"","meta":{"_kad_post_transparent":"","_kad_post_title":"","_kad_post_layout":"","_kad_post_sidebar_id":"","_kad_post_content_style":"","_kad_post_vertical_padding":"","_kad_post_feature":"","_kad_post_feature_position":"","_kad_post_header":false,"_kad_post_footer":false,"_kad_post_classname":"","footnotes":""},"class_list":["post-48","page","type-page","status-publish","hentry"],"_links":{"self":[{"href":"https:\/\/www.vwaircooledrallyseries.fi\/index.php?rest_route=\/wp\/v2\/pages\/48","targetHints":{"allow":["GET"]}}],"collection":[{"href":"https:\/\/www.vwaircooledrallyseries.fi\/index.php?rest_route=\/wp\/v2\/pages"}],"about":[{"href":"https:\/\/www.vwaircooledrallyseries.fi\/index.php?rest_route=\/wp\/v2\/types\/page"}],"author":[{"embeddable":true,"href":"https:\/\/www.vwaircooledrallyseries.fi\/index.php?rest_route=\/wp\/v2\/users\/1"}],"replies":[{"embeddable":true,"href":"https:\/\/www.vwaircooledrallyseries.fi\/index.php?rest_route=%2Fwp%2Fv2%2Fcomments&post=48"}],"version-history":[{"count":3,"href":"https:\/\/www.vwaircooledrallyseries.fi\/index.php?rest_route=\/wp\/v2\/pages\/48\/revisions"}],"predecessor-version":[{"id":313,"href":"https:\/\/www.vwaircooledrallyseries.fi\/index.php?rest_route=\/wp\/v2\/pages\/48\/revisions\/313"}],"wp:attachment":[{"href":"https:\/\/www.vwaircooledrallyseries.fi\/index.php?rest_route=%2Fwp%2Fv2%2Fmedia&parent=48"}],"curies":[{"name":"wp","href":"https:\/\/api.w.org\/{rel}","templated":true}]}}