{"id":393,"date":"2025-04-01T09:31:08","date_gmt":"2025-04-01T09:31:08","guid":{"rendered":"https:\/\/www.vwaircooledrallyseries.fi\/?page_id=393"},"modified":"2026-01-13T12:11:34","modified_gmt":"2026-01-13T12:11:34","slug":"kisakalenteri-2025","status":"publish","type":"page","link":"https:\/\/www.vwaircooledrallyseries.fi\/?page_id=393","title":{"rendered":"Kisakalenteri 2026"},"content":{"rendered":"\n<!DOCTYPE html>\n<html lang=\"fi\">\n<head>\n<meta charset=\"UTF-8\">\n<meta name=\"viewport\" content=\"width=device-width, initial-scale=1.0\">\n<title>Historic Rally Trophy 2026<\/title>\n\n<style>\n@import url('https:\/\/fonts.googleapis.com\/css2?family=Bebas+Neue&display=swap');\n\n* {\n    box-sizing: border-box;\n}\n\nbody {\n    font-family: 'Bebas Neue', sans-serif;\n    background-color: #f2f2f2;\n    margin: 0;\n    padding: 0;\n    color: #000;\n}\n\n\/* ===== CONTAINER ===== *\/\n.container {\n    max-width: 900px;\n    margin: 20px auto;\n    padding: 16px;\n    background: #ffffff;\n    border-radius: 16px;\n    box-shadow: 0 6px 16px rgba(0,0,0,0.12);\n}\n\n\/* ===== TITLE ===== *\/\n.title {\n    text-align: center;\n    font-size: 2.6rem;\n    margin: 10px 0 24px;\n    letter-spacing: 1.5px;\n    color: #000;\n}\n\n\/* ===== DESKTOP TABLE ===== *\/\ntable {\n    width: 100%;\n    border-collapse: collapse;\n}\n\nth, td {\n    padding: 14px;\n    border: 1px solid #ddd;\n    text-align: center;\n    font-size: 1.2rem;\n}\n\nth {\n    background-color: #000;\n    color: #fff;\n}\n\n\/* ===== EVENT TAG ===== *\/\n.event {\n    display: inline-block;\n    padding: 10px 16px;\n    border-radius: 999px;\n    font-weight: bold;\n    font-size: 1.1rem;\n}\n\n.winter {\n    background: linear-gradient(135deg, #4facfe, #00c6fb);\n    color: #ffffff;\n}\n\n.summer {\n    background: linear-gradient(135deg, #ffb347, #ffcc33);\n    color: #000000;\n}\n\n\/* ===== MOBILE CARDS ===== *\/\n.cards {\n    display: none;\n}\n\n.card {\n    background: #fafafa;\n    border: 1px solid #ddd;\n    border-radius: 14px;\n    padding: 14px;\n    margin-bottom: 12px;\n}\n\n.card-date {\n    font-size: 1.4rem;\n    margin-bottom: 8px;\n    font-weight: bold;\n}\n\n\/* ===== MOBILE BREAKPOINT ===== *\/\n@media (max-width: 600px) {\n\n    table {\n        display: none;\n    }\n\n    .cards {\n        display: block;\n    }\n\n    .title {\n        font-size: 2.1rem;\n        margin-bottom: 20px;\n    }\n}\n<\/style>\n<\/head>\n\n<body>\n<div class=\"container\">\n\n    <!-- TITLE -->\n    <div class=\"title\">Historic Rally Trophy 2026<\/div>\n\n    <!-- DESKTOP TABLE -->\n    <table>\n        <thead>\n            <tr>\n                <th>P\u00e4iv\u00e4m\u00e4\u00e4r\u00e4<\/th>\n                <th>Tapahtuma<\/th>\n            <\/tr>\n        <\/thead>\n        <tbody>\n            <tr>\n                <td>24.1.2026<\/td>\n                <td><span class=\"event winter\">\u2744\ufe0f Kiuruveden UA 60V Juhlaralli<\/span><\/td>\n            <\/tr>\n            <tr>\n                <td>7.2.2026<\/td>\n                <td><span class=\"event winter\">\u2744\ufe0f Tuuri Historic Ralli<\/span><\/td>\n            <\/tr>\n            <tr>\n                <td>16.5.2026<\/td>\n                <td><span class=\"event summer\">\u2600\ufe0f Raisio-ralli<\/span><\/td>\n            <\/tr>\n            <tr>\n                <td>21.\u201323.8.2026<\/td>\n                <td><span class=\"event summer\">\u2600\ufe0f Lahti Historic Ralli<\/span><\/td>\n            <\/tr>\n            <tr>\n                <td>19.9.2026<\/td>\n                <td><span class=\"event summer\">\ud83c\udf42 XLIX Rantaralli<\/span><\/td>\n            <\/tr>\n        <\/tbody>\n    <\/table>\n\n    <!-- MOBILE CARDS -->\n    <div class=\"cards\">\n        <div class=\"card\">\n            <div class=\"card-date\">24.1.2026<\/div>\n            <span class=\"event winter\">\u2744\ufe0f Kiuruveden UA 60V Juhlaralli<\/span>\n        <\/div>\n\n        <div class=\"card\">\n            <div class=\"card-date\">7.2.2026<\/div>\n            <span class=\"event winter\">\u2744\ufe0f Tuuri Historic Ralli<\/span>\n        <\/div>\n\n        <div class=\"card\">\n            <div class=\"card-date\">16.5.2026<\/div>\n            <span class=\"event summer\">\u2600\ufe0f Raisio-ralli<\/span>\n        <\/div>\n\n        <div class=\"card\">\n            <div class=\"card-date\">21.\u201323.8.2026<\/div>\n            <span class=\"event summer\">\u2600\ufe0f Lahti Historic Ralli<\/span>\n        <\/div>\n\n        <div class=\"card\">\n            <div class=\"card-date\">19.9.2026<\/div>\n            <span class=\"event summer\">\ud83c\udf42 XLIX Rantaralli<\/span>\n        <\/div>\n    <\/div>\n\n<\/div>\n<\/body>\n<\/html>\n\n\n\n\n<p><\/p>\n","protected":false},"excerpt":{"rendered":"<p>Historic Rally Trophy 2026 Historic Rally Trophy 2026 P\u00e4iv\u00e4m\u00e4\u00e4r\u00e4 Tapahtuma 24.1.2026 \u2744\ufe0f Kiuruveden UA 60V Juhlaralli 7.2.2026 \u2744\ufe0f Tuuri Historic Ralli 16.5.2026 \u2600\ufe0f Raisio-ralli 21.\u201323.8.2026 \u2600\ufe0f Lahti Historic Ralli 19.9.2026 \ud83c\udf42 XLIX Rantaralli 24.1.2026 \u2744\ufe0f Kiuruveden UA 60V Juhlaralli 7.2.2026 \u2744\ufe0f Tuuri Historic Ralli 16.5.2026 \u2600\ufe0f Raisio-ralli 21.\u201323.8.2026 \u2600\ufe0f Lahti Historic Ralli 19.9.2026 \ud83c\udf42 XLIX&#8230;<\/p>\n","protected":false},"author":1,"featured_media":365,"parent":0,"menu_order":0,"comment_status":"closed","ping_status":"closed","template":"","meta":{"_kad_post_transparent":"","_kad_post_title":"","_kad_post_layout":"","_kad_post_sidebar_id":"","_kad_post_content_style":"","_kad_post_vertical_padding":"","_kad_post_feature":"","_kad_post_feature_position":"","_kad_post_header":false,"_kad_post_footer":false,"_kad_post_classname":"","footnotes":""},"class_list":["post-393","page","type-page","status-publish","has-post-thumbnail","hentry"],"_links":{"self":[{"href":"https:\/\/www.vwaircooledrallyseries.fi\/index.php?rest_route=\/wp\/v2\/pages\/393","targetHints":{"allow":["GET"]}}],"collection":[{"href":"https:\/\/www.vwaircooledrallyseries.fi\/index.php?rest_route=\/wp\/v2\/pages"}],"about":[{"href":"https:\/\/www.vwaircooledrallyseries.fi\/index.php?rest_route=\/wp\/v2\/types\/page"}],"author":[{"embeddable":true,"href":"https:\/\/www.vwaircooledrallyseries.fi\/index.php?rest_route=\/wp\/v2\/users\/1"}],"replies":[{"embeddable":true,"href":"https:\/\/www.vwaircooledrallyseries.fi\/index.php?rest_route=%2Fwp%2Fv2%2Fcomments&post=393"}],"version-history":[{"count":11,"href":"https:\/\/www.vwaircooledrallyseries.fi\/index.php?rest_route=\/wp\/v2\/pages\/393\/revisions"}],"predecessor-version":[{"id":546,"href":"https:\/\/www.vwaircooledrallyseries.fi\/index.php?rest_route=\/wp\/v2\/pages\/393\/revisions\/546"}],"wp:featuredmedia":[{"embeddable":true,"href":"https:\/\/www.vwaircooledrallyseries.fi\/index.php?rest_route=\/wp\/v2\/media\/365"}],"wp:attachment":[{"href":"https:\/\/www.vwaircooledrallyseries.fi\/index.php?rest_route=%2Fwp%2Fv2%2Fmedia&parent=393"}],"curies":[{"name":"wp","href":"https:\/\/api.w.org\/{rel}","templated":true}]}}