{"id":287,"date":"2025-03-27T21:04:20","date_gmt":"2025-03-27T21:04:20","guid":{"rendered":"https:\/\/www.vwaircooledrallyseries.fi\/?page_id=287"},"modified":"2025-04-04T16:28:35","modified_gmt":"2025-04-04T16:28:35","slug":"sarjasaannot","status":"publish","type":"page","link":"https:\/\/www.vwaircooledrallyseries.fi\/?page_id=287","title":{"rendered":"Sarjas\u00e4\u00e4nn\u00f6t"},"content":{"rendered":"\n<p class=\"has-text-align-center has-medium-font-size\"><strong>VW Ilmaj\u00e4\u00e4hdytteisten autojen rallisarjan s\u00e4\u00e4nn\u00f6t sek\u00e4 kilpailukalenteri vuodelle 2025.<\/strong><\/p>\n\n\n\n<ol class=\"wp-block-list\">\n<li><strong>VW rallisarjan tekniset s\u00e4\u00e4nn\u00f6t:<\/strong><\/li>\n<\/ol>\n\n\n\n<ul class=\"wp-block-list\">\n<li>Sarjaan hyv\u00e4ksyt\u00e4\u00e4n Volkswagenin sarjavalmistuksessa olleet ilmaj\u00e4\u00e4hdytteiset autot. Alla on<br>taulukko, josta n\u00e4kee sarjaan hyv\u00e4ksytyt korimallit sek\u00e4 niiden sallittu moottorin iskutilavuus.<\/li>\n\n\n\n<li>Autojen tekniset s\u00e4\u00e4nn\u00f6t AKK:n s\u00e4\u00e4nt\u00f6jen mukaisesti Historic -69, Historic -75 ja F-ryhm\u00e4.<\/li>\n\n\n\n<li>Historic autoilla ei tarvitse olla historic-passia, mutta katsastuskortti tarvitaan kaikissa autoissa.<\/li>\n\n\n\n<li>F-ryhm\u00e4 noudattaa \u201dperinteisen\u201d F-ryhm\u00e4n s\u00e4\u00e4nt\u00f6j\u00e4, ei Pro F s\u00e4\u00e4nt\u00f6j\u00e4. Muutokset kuten<br>vierasmoottorit, iskun pident\u00e4mien ja lasikuitu lokasuojat eiv\u00e4t ole sallittuja.<\/li>\n\n\n\n<li>Pro-F luokitusta voi k\u00e4ytt\u00e4\u00e4 autoissa, jotka ovat olleet suomessa virallisen maahantuojan toimesta<br>myynniss\u00e4 ja jotka ovat niin vanhoja, ett\u00e4 niit\u00e4 ei ole aikoinaan luokiteltu. Pro-F luokitusta<br>k\u00e4ytett\u00e4ess\u00e4 auton pit\u00e4\u00e4 olla F-ryhm\u00e4n s\u00e4\u00e4nt\u00f6jen mukainen kaikilta osin.<\/li>\n\n\n\n<li>Historic-autoissa sylinterikansina voidaan k\u00e4ytt\u00e4\u00e4 \u201ctarvikekansia\u201d kunhan ne vastaavat<br>rakenteellisesti alkuper\u00e4isi\u00e4.<\/li>\n\n\n\n<li>Keinuvipujen v\u00e4listyssuhde on vapaa, mutta ns. rullakeinuvipujen k\u00e4ytt\u00e4minen on kielletty.<\/li>\n\n\n\n<li>\u00d6ljypumppu on vapaa ja sen ei tarvitse vastata luokiteltua pumppua.<\/li>\n\n\n\n<li>Etujousien korkeuss\u00e4\u00e4t\u00f6 on sallittu my\u00f6s Historic-autoissa<\/li>\n\n\n\n<li>LED-valot on kielletty Historic autoissa, ryhm\u00e4ss\u00e4 F sallittu.<\/li>\n\n\n\n<li>Diesel-k\u00e4ytt\u00f6inen lis\u00e4l\u00e4mmitin on sallittu VW luokan puolesta.<\/li>\n<\/ul>\n\n\n\n<figure class=\"wp-block-image size-full is-resized\"><img loading=\"lazy\" decoding=\"async\" width=\"425\" height=\"194\" src=\"https:\/\/www.vwaircooledrallyseries.fi\/wp-content\/uploads\/2025\/04\/image.png\" alt=\"\" class=\"wp-image-447\" style=\"width:453px;height:auto\" srcset=\"https:\/\/www.vwaircooledrallyseries.fi\/wp-content\/uploads\/2025\/04\/image.png 425w, https:\/\/www.vwaircooledrallyseries.fi\/wp-content\/uploads\/2025\/04\/image-300x137.png 300w\" sizes=\"auto, (max-width: 425px) 100vw, 425px\" \/><\/figure>\n\n\n\n<ol start=\"2\" class=\"wp-block-list\">\n<li><strong>VW Aircooled Rally Series 2025:<\/strong><\/li>\n<\/ol>\n\n\n\n<ul class=\"wp-block-list\">\n<li>Sarja ajetaan AKK:n HRT rallisarjan mukana samalla tavalla kuin 2024.<\/li>\n\n\n\n<li>L\u00e4ht\u00f6paikkamme HRT kilpailuissa on heti Historic luokkien j\u00e4lkeen.<\/li>\n\n\n\n<li>VW luokkamme palkitaan osakilpailuissa normaalisti samoin kuten Historic-luokat.<\/li>\n\n\n\n<li>VW luokan sis\u00e4ll\u00e4 j\u00e4rjestet\u00e4\u00e4n oma kilpailu VW Type-3 Historic autoille siten ett\u00e4 ne kilpailevat<br>samassa VW luokassa ja ovat mukana kilpailun luokkatuloksissa normaalisti. VW sarjan toimesta<br>ilmoitetaan kilpailujen j\u00e4rjest\u00e4jille autot, jotka kuuluvat t\u00e4h\u00e4n ryhm\u00e4\u00e4n. N\u00e4iden autojen nopein<br>palkitaan oman ryhm\u00e4ns\u00e4 voitosta pokaalilla. Tavoitteena saada vastaavat pokaalit, kuin koko VW<br>luokan voittaja saa. T\u00e4m\u00e4 j\u00e4rjestely tehd\u00e4\u00e4n yhteisty\u00f6ss\u00e4 HRT toimikunnan kanssa.<\/li>\n\n\n\n<li>Talven osalta pisteisiin lasketaan mukaan vain yhden kilpailun pisteet. Sarjatuloksiin mukaan<br>lasketaan pisteet siit\u00e4 talvikilpailusta, josta kilpailija saa korkeimmat pisteet.<\/li>\n\n\n\n<li>Type-3 historic autot l\u00e4htev\u00e4t ensimm\u00e4isen\u00e4 pistej\u00e4rjestyksess\u00e4 siten ett\u00e4 pistejohtaja viimeisen\u00e4.<br>Niiden per\u00e4\u00e4n luokan muut autot my\u00f6s pistej\u00e4rjestyksess\u00e4, pistejohdossa oleva viimeisen\u00e4.<\/li>\n\n\n\n<li>HRT:n osakilpailuissa toinen kuljettajista voi osallistua tutustumislisenssill\u00e4 ja turvavarusteissa<br>(penkit ja vy\u00f6t) niiden kunto ratkaisee, eik\u00e4 leimojen voimassaolo. Kynnys osallistua on siis<br>nyky\u00e4\u00e4n matala.<\/li>\n<\/ul>\n\n\n\n<div class=\"wp-block-buttons is-content-justification-center is-layout-flex wp-container-core-buttons-is-layout-16018d1d wp-block-buttons-is-layout-flex\">\n<div class=\"wp-block-button\"><a class=\"wp-block-button__link has-text-align-center wp-element-button\" href=\"https:\/\/www.vwaircooledrallyseries.fi\/?page_id=393\">Kilpailukalenteri 2025<\/a><\/div>\n<\/div>\n\n\n\n<p>3. <strong>VW rallisarjan 2025 pistelaskenta:<\/strong><\/p>\n\n\n\n<ul class=\"wp-block-list\">\n<li>Pistelaskuj\u00e4rjestelm\u00e4 on sama kuin 2024 k\u00e4yt\u00f6ss\u00e4 ollut, koska se on todettu selke\u00e4ksi ja toimivaksi<br>sek\u00e4 sopii VW sarjaan my\u00f6s tasapuolisuuden osalta.<\/li>\n\n\n\n<li>Osakilpailuissa Type-3 Historic autojen nopein saa yhden lis\u00e4pisteen silloin kun niit\u00e4 osallistuu<br>samaan osakilpailuun v\u00e4hint\u00e4\u00e4n kaksi. T\u00e4ll\u00e4 kannustetaan osallistumaan ja ajamaan kilpaa muiden<br>Type-3 Historic Volkkareiden kanssa.<br>Kauden 2025 pistelaskuj\u00e4rjestelm\u00e4:<br>\u27a2 Luokkasijoituspisteet: voittaja saa aina 10 pistett\u00e4, toinen 9 jne.<br>\u27a2 Maaliin p\u00e4\u00e4ssyt saa aina v\u00e4hint\u00e4\u00e4n yhden luokkasijoituspisteen (sijat 10,11, 12, jne.)<br>\u27a2 F-ryhm\u00e4n autot saavat aina luokkasijoituksen mukaisen pistem\u00e4\u00e4r\u00e4n<br>\u27a2 Historic -75 autoille luokkasijoituspisteiden lis\u00e4ksi yksi (1) tasauspiste<br>\u27a2 Historic -69 autoille luokkasijoituspisteiden lis\u00e4ksi kaksi (2) tasauspistett\u00e4<br>\u27a2 Type-3 Historic -autojen nopein saa osakilpailuissa aina yhden (1) lis\u00e4pisteen jos v\u00e4hint\u00e4\u00e4n kaksi<br>saman kategorian autoa osallistuu kyseiseen osakilpailuun<br>\u27a2 Kuljettaja ja kartturi saavat samat pisteet<br>\u27a2 Luokkasijoitus-, tasoitus- sek\u00e4 lis\u00e4pisteet saa vain, jos ajaa hyv\u00e4ksytysti maaliin, eli on mukana<br>virallisissa tuloksissa maaliin tulleena<br>\u27a2 Lahden osakilpailu on yksip\u00e4iv\u00e4inen (lauantai) ja VW rallisarjassa pisteet jaetaan sen p\u00e4iv\u00e4n<br>lopputulosten mukaan, eli lauantaina maaliin p\u00e4\u00e4sseet saavat pisteet normaalin k\u00e4yt\u00e4nn\u00f6n<br>mukaisesti.<br>\u27a2 Sarjapisteisiin lasketaan mukaan 5 parasta tulosta sarjan 6 kilpailusta (Talvelta lasketaan vain yhden<br>kilpailun pisteet).<br>\u27a2 Sarjapisteiden p\u00e4\u00e4ttyess\u00e4 tasan ratkaistaan paremmuus seuraavasti:<\/li>\n\n\n\n<li>Enemm\u00e4n ykk\u00f6ssijoja saavuttanut voittaa, jos edelleen tasan, niin enemm\u00e4n kakkossijoja<br>saavuttanut voittaa jne.<\/li>\n\n\n\n<li>Jos edelleen tasan, paremmaksi katsotaan se, joka on saavuttanut ykk\u00f6ssijat kilpailuissa, joissa oli enemm\u00e4n osallistujia, sitten kakkossijoilla sama periaate jne<\/li>\n\n\n\n<li>Jos edelleen tasan, niin silloin voittaa ensimm\u00e4isess\u00e4 kilpailussa paremmin sijoittunut silloin<br>kun kilpailijat kohtaavat ensimm\u00e4isen kerran.<\/li>\n\n\n\n<li>Jos edelleen tasan, niin ns. hitaamman luokan auto voittaa.<\/li>\n<\/ul>\n\n\n\n<figure class=\"wp-block-image size-full\"><img loading=\"lazy\" decoding=\"async\" width=\"405\" height=\"296\" src=\"https:\/\/www.vwaircooledrallyseries.fi\/wp-content\/uploads\/2025\/04\/image-1.png\" alt=\"\" class=\"wp-image-448\" srcset=\"https:\/\/www.vwaircooledrallyseries.fi\/wp-content\/uploads\/2025\/04\/image-1.png 405w, https:\/\/www.vwaircooledrallyseries.fi\/wp-content\/uploads\/2025\/04\/image-1-300x219.png 300w\" sizes=\"auto, (max-width: 405px) 100vw, 405px\" \/><\/figure>\n\n\n\n<p class=\"has-text-align-center has-medium-font-size\">Mik\u00e4li kaipaat lis\u00e4tietoa, ota yhteytt\u00e4!<\/p>\n\n\n\n<div class=\"wp-block-buttons is-content-justification-center is-layout-flex wp-container-core-buttons-is-layout-16018d1d wp-block-buttons-is-layout-flex\">\n<div class=\"wp-block-button\"><a class=\"wp-block-button__link wp-element-button\" href=\"https:\/\/www.vwaircooledrallyseries.fi\/?page_id=145\">Yhteystiedot<\/a><\/div>\n<\/div>\n\n\n\n<p><\/p>\n","protected":false},"excerpt":{"rendered":"<p>VW Ilmaj\u00e4\u00e4hdytteisten autojen rallisarjan s\u00e4\u00e4nn\u00f6t sek\u00e4 kilpailukalenteri vuodelle 2025. 3. VW rallisarjan 2025 pistelaskenta: Mik\u00e4li kaipaat lis\u00e4tietoa, ota yhteytt\u00e4!<\/p>\n","protected":false},"author":1,"featured_media":0,"parent":0,"menu_order":0,"comment_status":"closed","ping_status":"closed","template":"","meta":{"_kad_post_transparent":"","_kad_post_title":"","_kad_post_layout":"","_kad_post_sidebar_id":"","_kad_post_content_style":"","_kad_post_vertical_padding":"","_kad_post_feature":"","_kad_post_feature_position":"","_kad_post_header":false,"_kad_post_footer":false,"_kad_post_classname":"","footnotes":""},"class_list":["post-287","page","type-page","status-publish","hentry"],"_links":{"self":[{"href":"https:\/\/www.vwaircooledrallyseries.fi\/index.php?rest_route=\/wp\/v2\/pages\/287","targetHints":{"allow":["GET"]}}],"collection":[{"href":"https:\/\/www.vwaircooledrallyseries.fi\/index.php?rest_route=\/wp\/v2\/pages"}],"about":[{"href":"https:\/\/www.vwaircooledrallyseries.fi\/index.php?rest_route=\/wp\/v2\/types\/page"}],"author":[{"embeddable":true,"href":"https:\/\/www.vwaircooledrallyseries.fi\/index.php?rest_route=\/wp\/v2\/users\/1"}],"replies":[{"embeddable":true,"href":"https:\/\/www.vwaircooledrallyseries.fi\/index.php?rest_route=%2Fwp%2Fv2%2Fcomments&post=287"}],"version-history":[{"count":3,"href":"https:\/\/www.vwaircooledrallyseries.fi\/index.php?rest_route=\/wp\/v2\/pages\/287\/revisions"}],"predecessor-version":[{"id":449,"href":"https:\/\/www.vwaircooledrallyseries.fi\/index.php?rest_route=\/wp\/v2\/pages\/287\/revisions\/449"}],"wp:attachment":[{"href":"https:\/\/www.vwaircooledrallyseries.fi\/index.php?rest_route=%2Fwp%2Fv2%2Fmedia&parent=287"}],"curies":[{"name":"wp","href":"https:\/\/api.w.org\/{rel}","templated":true}]}}