{"id":249,"date":"2025-03-27T20:05:23","date_gmt":"2025-03-27T20:05:23","guid":{"rendered":"https:\/\/www.vwaircooledrallyseries.fi\/?page_id=249"},"modified":"2025-04-05T10:53:53","modified_gmt":"2025-04-05T10:53:53","slug":"mukaan-rallisarjaan","status":"publish","type":"page","link":"https:\/\/www.vwaircooledrallyseries.fi\/?page_id=249","title":{"rendered":"Mukaan?"},"content":{"rendered":"\n<h2 class=\"wp-block-heading has-text-align-center\"><strong>Oletko kiinnostunut l\u00e4htem\u00e4\u00e4n mukaan rallisarjaan ?<\/strong><\/h2>\n\n\n\n<p class=\"has-text-align-center has-medium-font-size\">Meill\u00e4 Vw Aircooled Rallisarjassa on todella hyv\u00e4 yhteishenki ja kaikki auttavat toisiaan, vaikka kilpaa ajetaankin v\u00e4lill\u00e4 totisesti. Otamme mielell\u00e4\u00e4n uusia mukaan rentoon porukkaamme!<\/p>\n\n\n\n<p class=\"has-text-align-center has-medium-font-size\">Pyrimme j\u00e4rjest\u00e4m\u00e4\u00e4n vuosittain erilaisia tapahtumia, juhlia ja matkoja rallisarjan porukalle.<\/p>\n\n\n\n<p class=\"has-text-align-center has-medium-font-size\">Mahdollisuuksien mukaan kauttamme voi p\u00e4\u00e4st\u00e4 kokeilemaan kilvanajoa vuokra-autoilla.<\/p>\n\n\n\n<p class=\"has-text-align-center has-medium-font-size\"><strong>Jos kiinnostuit niin olethan yhteydess\u00e4 Mika Hannuun<\/strong> <a href=\"tel:0503478380\">050 347 8380<\/a><\/p>\n\n\n\n<div class=\"wp-block-buttons is-content-justification-center is-layout-flex wp-container-core-buttons-is-layout-16018d1d wp-block-buttons-is-layout-flex\">\n<div class=\"wp-block-button\"><a class=\"wp-block-button__link wp-element-button\" href=\"https:\/\/www.vwaircooledrallyseries.fi\/?page_id=145\">Sarjan muut yhteystiedot<\/a><\/div>\n<\/div>\n","protected":false},"excerpt":{"rendered":"<p>Oletko kiinnostunut l\u00e4htem\u00e4\u00e4n mukaan rallisarjaan ? Meill\u00e4 Vw Aircooled Rallisarjassa on todella hyv\u00e4 yhteishenki ja kaikki auttavat toisiaan, vaikka kilpaa ajetaankin v\u00e4lill\u00e4 totisesti. Otamme mielell\u00e4\u00e4n uusia mukaan rentoon porukkaamme! Pyrimme j\u00e4rjest\u00e4m\u00e4\u00e4n vuosittain erilaisia tapahtumia, juhlia ja matkoja rallisarjan porukalle. Mahdollisuuksien mukaan kauttamme voi p\u00e4\u00e4st\u00e4 kokeilemaan kilvanajoa vuokra-autoilla. Jos kiinnostuit niin olethan yhteydess\u00e4 Mika Hannuun 050&#8230;<\/p>\n","protected":false},"author":1,"featured_media":0,"parent":0,"menu_order":0,"comment_status":"closed","ping_status":"closed","template":"","meta":{"_kad_post_transparent":"","_kad_post_title":"","_kad_post_layout":"","_kad_post_sidebar_id":"","_kad_post_content_style":"","_kad_post_vertical_padding":"","_kad_post_feature":"","_kad_post_feature_position":"","_kad_post_header":false,"_kad_post_footer":false,"_kad_post_classname":"","footnotes":""},"class_list":["post-249","page","type-page","status-publish","hentry"],"_links":{"self":[{"href":"https:\/\/www.vwaircooledrallyseries.fi\/index.php?rest_route=\/wp\/v2\/pages\/249","targetHints":{"allow":["GET"]}}],"collection":[{"href":"https:\/\/www.vwaircooledrallyseries.fi\/index.php?rest_route=\/wp\/v2\/pages"}],"about":[{"href":"https:\/\/www.vwaircooledrallyseries.fi\/index.php?rest_route=\/wp\/v2\/types\/page"}],"author":[{"embeddable":true,"href":"https:\/\/www.vwaircooledrallyseries.fi\/index.php?rest_route=\/wp\/v2\/users\/1"}],"replies":[{"embeddable":true,"href":"https:\/\/www.vwaircooledrallyseries.fi\/index.php?rest_route=%2Fwp%2Fv2%2Fcomments&post=249"}],"version-history":[{"count":4,"href":"https:\/\/www.vwaircooledrallyseries.fi\/index.php?rest_route=\/wp\/v2\/pages\/249\/revisions"}],"predecessor-version":[{"id":472,"href":"https:\/\/www.vwaircooledrallyseries.fi\/index.php?rest_route=\/wp\/v2\/pages\/249\/revisions\/472"}],"wp:attachment":[{"href":"https:\/\/www.vwaircooledrallyseries.fi\/index.php?rest_route=%2Fwp%2Fv2%2Fmedia&parent=249"}],"curies":[{"name":"wp","href":"https:\/\/api.w.org\/{rel}","templated":true}]}}